{"id":393,"date":"2025-10-08T20:21:05","date_gmt":"2025-10-08T20:21:05","guid":{"rendered":"http:\/\/sloth-studio.fr\/?page_id=393"},"modified":"2025-10-28T18:39:05","modified_gmt":"2025-10-28T18:39:05","slug":"projects","status":"publish","type":"page","link":"https:\/\/sloth-studio.fr\/?page_id=393","title":{"rendered":"Projects"},"content":{"rendered":"\t\t<div data-elementor-type=\"wp-post\" data-elementor-id=\"393\" class=\"elementor elementor-393\" data-elementor-post-type=\"page\">\n\t\t\t\t<div class=\"elementor-element elementor-element-420d114 e-con-full e-flex e-con e-parent\" data-id=\"420d114\" data-element_type=\"container\" data-settings=\"{&quot;background_background&quot;:&quot;classic&quot;}\">\n\t\t\t\t<div class=\"elementor-element elementor-element-7f4ffa2e elementor-widget elementor-widget-heading\" data-id=\"7f4ffa2e\" data-element_type=\"widget\" data-widget_type=\"heading.default\">\n\t\t\t\t\t<h3 class=\"elementor-heading-title elementor-size-default\">Made By Curiosity<\/h3>\t\t\t\t<\/div>\n\t\t\t\t<div class=\"elementor-element elementor-element-b67f595 elementor-widget elementor-widget-heading\" data-id=\"b67f595\" data-element_type=\"widget\" data-widget_type=\"heading.default\">\n\t\t\t\t\t<h1 class=\"elementor-heading-title elementor-size-default\">Projets.<\/h1>\t\t\t\t<\/div>\n\t\t\t\t<\/div>\n\t\t<div class=\"elementor-element elementor-element-61fa48c3 e-flex e-con-boxed e-con e-parent\" data-id=\"61fa48c3\" data-element_type=\"container\" data-settings=\"{&quot;background_background&quot;:&quot;classic&quot;}\">\n\t\t\t\t\t<div class=\"e-con-inner\">\n\t\t\t\t<div class=\"elementor-element elementor-element-7af241a7 elementor-widget elementor-widget-heading\" data-id=\"7af241a7\" data-element_type=\"widget\" data-widget_type=\"heading.default\">\n\t\t\t\t\t<h2 class=\"elementor-heading-title elementor-size-default\">Experiment first, perfect later.<\/h2>\t\t\t\t<\/div>\n\t\t\t\t<div class=\"elementor-element elementor-element-7fd3265 elementor-widget elementor-widget-text-editor\" data-id=\"7fd3265\" data-element_type=\"widget\" data-widget_type=\"text-editor.default\">\n\t\t\t\t\t\t\t\t\t<p>J\u2019aime comprendre, apprendre, cr\u00e9er. Je teste, je cherche, parfois \u00e7a rate, souvent \u00e7a m\u2019apprend. Ce portfolio, c\u2019est un bout de mon univers \u2014 des id\u00e9es pos\u00e9es au fil du temps, juste pour le plaisir d\u2019explorer et de voir jusqu\u2019o\u00f9 \u00e7a peut aller.<\/p>\t\t\t\t\t\t\t\t<\/div>\n\t\t\t\t\t<\/div>\n\t\t\t\t<\/div>\n\t\t<div class=\"elementor-element elementor-element-413743ff e-con-full e-flex e-con e-parent\" data-id=\"413743ff\" data-element_type=\"container\" data-settings=\"{&quot;background_background&quot;:&quot;classic&quot;}\">\n\t\t\t\t<div class=\"elementor-element elementor-element-17390dbf elementor-grid-3 elementor-grid-tablet-2 elementor-grid-mobile-1 elementor-widget elementor-widget-portfolio\" data-id=\"17390dbf\" data-element_type=\"widget\" data-settings=\"{&quot;item_ratio&quot;:{&quot;unit&quot;:&quot;px&quot;,&quot;size&quot;:&quot;1.2&quot;,&quot;sizes&quot;:[]},&quot;row_gap&quot;:{&quot;unit&quot;:&quot;px&quot;,&quot;size&quot;:&quot;0&quot;,&quot;sizes&quot;:[]},&quot;columns&quot;:&quot;3&quot;,&quot;columns_tablet&quot;:&quot;2&quot;,&quot;columns_mobile&quot;:&quot;1&quot;,&quot;item_gap&quot;:{&quot;unit&quot;:&quot;px&quot;,&quot;size&quot;:&quot;&quot;,&quot;sizes&quot;:[]}}\" data-widget_type=\"portfolio.default\">\n\t\t\t\t<div class=\"elementor-widget-container\">\n\t\t\t\t\t\t\t<ul class=\"elementor-portfolio__filters\">\n\t\t\t<li class=\"elementor-portfolio__filter elementor-active\" tabindex=\"0\" data-filter=\"__all\">All<\/li>\n\t\t\t\t\t\t\t<li class=\"elementor-portfolio__filter\" tabindex=\"0\" data-filter=\"18\">Illustrations<\/li>\n\t\t\t\t\t\t\t<li class=\"elementor-portfolio__filter\" tabindex=\"0\" data-filter=\"1\">Uncategorized<\/li>\n\t\t\t\t\t<\/ul>\n\t\t\t\t<div class=\"elementor-portfolio elementor-grid elementor-posts-container\" role=\"list\">\n\t\t\t\t<article class=\"elementor-portfolio-item elementor-post elementor-filter-18 post-432 post type-post status-publish format-standard has-post-thumbnail hentry category-illustrations\" role=\"listitem\">\n\t\t\t<a class=\"elementor-post__thumbnail__link\" href=\"https:\/\/sloth-studio.fr\/?p=432\">\n\t\t\t\t<div class=\"elementor-portfolio-item__img elementor-post__thumbnail\">\n\t\t\t<img fetchpriority=\"high\" decoding=\"async\" width=\"2000\" height=\"2000\" src=\"https:\/\/sloth-studio.fr\/wp-content\/uploads\/2025\/10\/flowers-1.png\" class=\"attachment-full size-full wp-image-610\" alt=\"\" srcset=\"https:\/\/sloth-studio.fr\/wp-content\/uploads\/2025\/10\/flowers-1.png 2000w, https:\/\/sloth-studio.fr\/wp-content\/uploads\/2025\/10\/flowers-1-300x300.png 300w, https:\/\/sloth-studio.fr\/wp-content\/uploads\/2025\/10\/flowers-1-1024x1024.png 1024w, https:\/\/sloth-studio.fr\/wp-content\/uploads\/2025\/10\/flowers-1-150x150.png 150w, https:\/\/sloth-studio.fr\/wp-content\/uploads\/2025\/10\/flowers-1-768x768.png 768w, https:\/\/sloth-studio.fr\/wp-content\/uploads\/2025\/10\/flowers-1-1536x1536.png 1536w\" sizes=\"(max-width: 2000px) 100vw, 2000px\" \/>\t\t<\/div>\n\t\t\t\t<div class=\"elementor-portfolio-item__overlay\">\n\t\t\t\t<h3 class=\"elementor-portfolio-item__title\">\n\t\tPOSTER\t\t<\/h3>\n\t\t\t\t<\/div>\n\t\t\t\t<\/a>\n\t\t<\/article>\n\t\t\t\t<article class=\"elementor-portfolio-item elementor-post elementor-filter-1 post-429 post type-post status-publish format-standard has-post-thumbnail hentry category-uncategorized\" role=\"listitem\">\n\t\t\t<a class=\"elementor-post__thumbnail__link\" href=\"https:\/\/sloth-studio.fr\/?p=429\">\n\t\t\t\t<div class=\"elementor-portfolio-item__img elementor-post__thumbnail\">\n\t\t\t<img decoding=\"async\" width=\"1080\" height=\"1080\" src=\"https:\/\/sloth-studio.fr\/wp-content\/uploads\/2025\/10\/logo.jpg\" class=\"attachment-full size-full wp-image-620\" alt=\"\" srcset=\"https:\/\/sloth-studio.fr\/wp-content\/uploads\/2025\/10\/logo.jpg 1080w, https:\/\/sloth-studio.fr\/wp-content\/uploads\/2025\/10\/logo-300x300.jpg 300w, https:\/\/sloth-studio.fr\/wp-content\/uploads\/2025\/10\/logo-1024x1024.jpg 1024w, https:\/\/sloth-studio.fr\/wp-content\/uploads\/2025\/10\/logo-150x150.jpg 150w, https:\/\/sloth-studio.fr\/wp-content\/uploads\/2025\/10\/logo-768x768.jpg 768w\" sizes=\"(max-width: 1080px) 100vw, 1080px\" \/>\t\t<\/div>\n\t\t\t\t<div class=\"elementor-portfolio-item__overlay\">\n\t\t\t\t<h3 class=\"elementor-portfolio-item__title\">\n\t\tTWITCH\t\t<\/h3>\n\t\t\t\t<\/div>\n\t\t\t\t<\/a>\n\t\t<\/article>\n\t\t\t\t<article class=\"elementor-portfolio-item elementor-post elementor-filter-1 post-427 post type-post status-publish format-standard has-post-thumbnail hentry category-uncategorized\" role=\"listitem\">\n\t\t\t<a class=\"elementor-post__thumbnail__link\" href=\"https:\/\/sloth-studio.fr\/?p=427\">\n\t\t\t\t<div class=\"elementor-portfolio-item__img elementor-post__thumbnail\">\n\t\t\t<img decoding=\"async\" width=\"1080\" height=\"1920\" src=\"https:\/\/sloth-studio.fr\/wp-content\/uploads\/2025\/10\/Story-chaussure.png\" class=\"attachment-full size-full wp-image-636\" alt=\"\" srcset=\"https:\/\/sloth-studio.fr\/wp-content\/uploads\/2025\/10\/Story-chaussure.png 1080w, https:\/\/sloth-studio.fr\/wp-content\/uploads\/2025\/10\/Story-chaussure-169x300.png 169w, https:\/\/sloth-studio.fr\/wp-content\/uploads\/2025\/10\/Story-chaussure-576x1024.png 576w, https:\/\/sloth-studio.fr\/wp-content\/uploads\/2025\/10\/Story-chaussure-768x1365.png 768w, https:\/\/sloth-studio.fr\/wp-content\/uploads\/2025\/10\/Story-chaussure-864x1536.png 864w\" sizes=\"(max-width: 1080px) 100vw, 1080px\" \/>\t\t<\/div>\n\t\t\t\t<div class=\"elementor-portfolio-item__overlay\">\n\t\t\t\t<h3 class=\"elementor-portfolio-item__title\">\n\t\tPROJET\t\t<\/h3>\n\t\t\t\t<\/div>\n\t\t\t\t<\/a>\n\t\t<\/article>\n\t\t\t\t<article class=\"elementor-portfolio-item elementor-post elementor-filter-18 post-433 post type-post status-publish format-standard has-post-thumbnail hentry category-illustrations\" role=\"listitem\">\n\t\t\t<a class=\"elementor-post__thumbnail__link\" href=\"https:\/\/sloth-studio.fr\/?p=433\">\n\t\t\t\t<div class=\"elementor-portfolio-item__img elementor-post__thumbnail\">\n\t\t\t<img loading=\"lazy\" decoding=\"async\" width=\"1920\" height=\"1080\" src=\"https:\/\/sloth-studio.fr\/wp-content\/uploads\/2025\/10\/format-16-9-1920-1080.jpg\" class=\"attachment-full size-full wp-image-539\" alt=\"\" srcset=\"https:\/\/sloth-studio.fr\/wp-content\/uploads\/2025\/10\/format-16-9-1920-1080.jpg 1920w, https:\/\/sloth-studio.fr\/wp-content\/uploads\/2025\/10\/format-16-9-1920-1080-300x169.jpg 300w, https:\/\/sloth-studio.fr\/wp-content\/uploads\/2025\/10\/format-16-9-1920-1080-1024x576.jpg 1024w, https:\/\/sloth-studio.fr\/wp-content\/uploads\/2025\/10\/format-16-9-1920-1080-768x432.jpg 768w, https:\/\/sloth-studio.fr\/wp-content\/uploads\/2025\/10\/format-16-9-1920-1080-1536x864.jpg 1536w\" sizes=\"(max-width: 1920px) 100vw, 1920px\" \/>\t\t<\/div>\n\t\t\t\t<div class=\"elementor-portfolio-item__overlay\">\n\t\t\t\t<h3 class=\"elementor-portfolio-item__title\">\n\t\tFL RADIO\t\t<\/h3>\n\t\t\t\t<\/div>\n\t\t\t\t<\/a>\n\t\t<\/article>\n\t\t\t\t<article class=\"elementor-portfolio-item elementor-post elementor-filter-18 elementor-filter-1 post-426 post type-post status-publish format-standard has-post-thumbnail hentry category-illustrations category-uncategorized\" role=\"listitem\">\n\t\t\t<a class=\"elementor-post__thumbnail__link\" href=\"https:\/\/sloth-studio.fr\/?p=426\">\n\t\t\t\t<div class=\"elementor-portfolio-item__img elementor-post__thumbnail\">\n\t\t\t<img loading=\"lazy\" decoding=\"async\" width=\"2560\" height=\"1707\" src=\"https:\/\/sloth-studio.fr\/wp-content\/uploads\/2025\/10\/3-scaled.jpg\" class=\"attachment-full size-full wp-image-595\" alt=\"\" srcset=\"https:\/\/sloth-studio.fr\/wp-content\/uploads\/2025\/10\/3-scaled.jpg 2560w, https:\/\/sloth-studio.fr\/wp-content\/uploads\/2025\/10\/3-300x200.jpg 300w, https:\/\/sloth-studio.fr\/wp-content\/uploads\/2025\/10\/3-1024x683.jpg 1024w, https:\/\/sloth-studio.fr\/wp-content\/uploads\/2025\/10\/3-768x512.jpg 768w, https:\/\/sloth-studio.fr\/wp-content\/uploads\/2025\/10\/3-1536x1024.jpg 1536w, https:\/\/sloth-studio.fr\/wp-content\/uploads\/2025\/10\/3-2048x1365.jpg 2048w\" sizes=\"(max-width: 2560px) 100vw, 2560px\" \/>\t\t<\/div>\n\t\t\t\t<div class=\"elementor-portfolio-item__overlay\">\n\t\t\t\t<h3 class=\"elementor-portfolio-item__title\">\n\t\tFAB LAB\t\t<\/h3>\n\t\t\t\t<\/div>\n\t\t\t\t<\/a>\n\t\t<\/article>\n\t\t\t\t<article class=\"elementor-portfolio-item elementor-post elementor-filter-1 post-430 post type-post status-publish format-standard has-post-thumbnail hentry category-uncategorized\" role=\"listitem\">\n\t\t\t<a class=\"elementor-post__thumbnail__link\" href=\"https:\/\/sloth-studio.fr\/?p=430\">\n\t\t\t\t<div class=\"elementor-portfolio-item__img elementor-post__thumbnail\">\n\t\t\t<img loading=\"lazy\" decoding=\"async\" width=\"1921\" height=\"1920\" src=\"https:\/\/sloth-studio.fr\/wp-content\/uploads\/2025\/10\/icon-1.png\" class=\"attachment-full size-full wp-image-581\" alt=\"\" srcset=\"https:\/\/sloth-studio.fr\/wp-content\/uploads\/2025\/10\/icon-1.png 1921w, https:\/\/sloth-studio.fr\/wp-content\/uploads\/2025\/10\/icon-1-300x300.png 300w, https:\/\/sloth-studio.fr\/wp-content\/uploads\/2025\/10\/icon-1-1024x1024.png 1024w, https:\/\/sloth-studio.fr\/wp-content\/uploads\/2025\/10\/icon-1-150x150.png 150w, https:\/\/sloth-studio.fr\/wp-content\/uploads\/2025\/10\/icon-1-768x768.png 768w, https:\/\/sloth-studio.fr\/wp-content\/uploads\/2025\/10\/icon-1-1536x1536.png 1536w\" sizes=\"(max-width: 1921px) 100vw, 1921px\" \/>\t\t<\/div>\n\t\t\t\t<div class=\"elementor-portfolio-item__overlay\">\n\t\t\t\t<h3 class=\"elementor-portfolio-item__title\">\n\t\tHOBI\t\t<\/h3>\n\t\t\t\t<\/div>\n\t\t\t\t<\/a>\n\t\t<\/article>\n\t\t\t\t<\/div>\n\t\t\t\t\t\t<\/div>\n\t\t\t\t<\/div>\n\t\t\t\t<\/div>\n\t\t\t\t<\/div>\n\t\t","protected":false},"excerpt":{"rendered":"<p>Made By Curiosity Projets. Experiment first, perfect later. J\u2019aime comprendre, apprendre, cr\u00e9er. Je teste, je cherche, parfois \u00e7a rate, souvent \u00e7a m\u2019apprend. Ce portfolio, c\u2019est un bout de mon univers \u2014 des id\u00e9es pos\u00e9es au fil du temps, juste pour le plaisir d\u2019explorer et de voir jusqu\u2019o\u00f9 \u00e7a peut aller.<\/p>\n","protected":false},"author":1,"featured_media":396,"parent":0,"menu_order":0,"comment_status":"closed","ping_status":"closed","template":"elementor_header_footer","meta":{"footnotes":""},"class_list":["post-393","page","type-page","status-publish","has-post-thumbnail","hentry"],"_links":{"self":[{"href":"https:\/\/sloth-studio.fr\/index.php?rest_route=\/wp\/v2\/pages\/393","targetHints":{"allow":["GET"]}}],"collection":[{"href":"https:\/\/sloth-studio.fr\/index.php?rest_route=\/wp\/v2\/pages"}],"about":[{"href":"https:\/\/sloth-studio.fr\/index.php?rest_route=\/wp\/v2\/types\/page"}],"author":[{"embeddable":true,"href":"https:\/\/sloth-studio.fr\/index.php?rest_route=\/wp\/v2\/users\/1"}],"replies":[{"embeddable":true,"href":"https:\/\/sloth-studio.fr\/index.php?rest_route=%2Fwp%2Fv2%2Fcomments&post=393"}],"version-history":[{"count":10,"href":"https:\/\/sloth-studio.fr\/index.php?rest_route=\/wp\/v2\/pages\/393\/revisions"}],"predecessor-version":[{"id":774,"href":"https:\/\/sloth-studio.fr\/index.php?rest_route=\/wp\/v2\/pages\/393\/revisions\/774"}],"wp:featuredmedia":[{"embeddable":true,"href":"https:\/\/sloth-studio.fr\/index.php?rest_route=\/wp\/v2\/media\/396"}],"wp:attachment":[{"href":"https:\/\/sloth-studio.fr\/index.php?rest_route=%2Fwp%2Fv2%2Fmedia&parent=393"}],"curies":[{"name":"wp","href":"https:\/\/api.w.org\/{rel}","templated":true}]}}